{"id":8,"date":"2020-05-14T19:21:25","date_gmt":"2020-05-14T19:21:25","guid":{"rendered":"http:\/\/www.cvjm-bernberg.de\/?page_id=8"},"modified":"2021-04-08T00:27:21","modified_gmt":"2021-04-07T22:27:21","slug":"contact","status":"publish","type":"page","link":"https:\/\/www.cvjm-bernberg.de\/?page_id=8","title":{"rendered":"Kontakt"},"content":{"rendered":"\n<p>Wir sind gerne bereit mit dir Kontakt aufzunehmen, dazu schreibe uns bitte unter :<\/p>\n\n\n\n<p><a href=\"mailto:info@cvjm-bernberg.de\" data-type=\"mailto\" data-id=\"mailto:info@cvjm-bernberg.de\">info@cvjm-bernberg.de<\/a>.<\/p>\n\n\n\n<p><\/p>\n\n\n\n<p><\/p>\n\n\n\n<p>Unsere Bankverbindung:<\/p>\n\n\n\n<p class=\"has-text-align-center\"><strong>Sparkasse Gummersbach<\/strong><\/p>\n\n\n\n<p class=\"has-text-align-center\"> Iban: DE86 3845 0000 0000 7770 52           BIC: WELADED1GNB<\/p>\n\n\n\n<p><strong>Gemeinn\u00fctzigkeit<\/strong><\/p>\n\n\n\n<p>Wir sind vom Finanzamt Gummersbach von der K\u00f6rperschaftsteuer befreit, weil wir ausschlie\u00dflich und unmittelbar steuerbeg\u00fcnstigten kirchlichen und gemeinn\u00fctzigen Zwecken dienen und au\u00dferdem wegen F\u00f6rderung der Jugendhilfe.<\/p>\n","protected":false},"excerpt":{"rendered":"<p>Wir sind gerne bereit mit dir Kontakt aufzunehmen, dazu schreibe uns bitte unter : info@cvjm-bernberg.de. Unsere Bankverbindung: Sparkasse Gummersbach Iban: DE86 3845 0000 0000 7770 52 BIC: WELADED1GNB Gemeinn\u00fctzigkeit Wir sind vom Finanzamt Gummersbach von der K\u00f6rperschaftsteuer befreit, weil wir ausschlie\u00dflich und unmittelbar steuerbeg\u00fcnstigten kirchlichen und gemeinn\u00fctzigen Zwecken dienen und au\u00dferdem wegen F\u00f6rderung der Jugendhilfe.<\/p>\n","protected":false},"author":4,"featured_media":0,"parent":0,"menu_order":0,"comment_status":"closed","ping_status":"closed","template":"","meta":{"footnotes":""},"class_list":["post-8","page","type-page","status-publish","hentry"],"_links":{"self":[{"href":"https:\/\/www.cvjm-bernberg.de\/index.php?rest_route=\/wp\/v2\/pages\/8","targetHints":{"allow":["GET"]}}],"collection":[{"href":"https:\/\/www.cvjm-bernberg.de\/index.php?rest_route=\/wp\/v2\/pages"}],"about":[{"href":"https:\/\/www.cvjm-bernberg.de\/index.php?rest_route=\/wp\/v2\/types\/page"}],"author":[{"embeddable":true,"href":"https:\/\/www.cvjm-bernberg.de\/index.php?rest_route=\/wp\/v2\/users\/4"}],"replies":[{"embeddable":true,"href":"https:\/\/www.cvjm-bernberg.de\/index.php?rest_route=%2Fwp%2Fv2%2Fcomments&post=8"}],"version-history":[{"count":5,"href":"https:\/\/www.cvjm-bernberg.de\/index.php?rest_route=\/wp\/v2\/pages\/8\/revisions"}],"predecessor-version":[{"id":227,"href":"https:\/\/www.cvjm-bernberg.de\/index.php?rest_route=\/wp\/v2\/pages\/8\/revisions\/227"}],"wp:attachment":[{"href":"https:\/\/www.cvjm-bernberg.de\/index.php?rest_route=%2Fwp%2Fv2%2Fmedia&parent=8"}],"curies":[{"name":"wp","href":"https:\/\/api.w.org\/{rel}","templated":true}]}}