{"id":318,"date":"2021-07-25T21:51:56","date_gmt":"2021-07-25T19:51:56","guid":{"rendered":"https:\/\/www.cvjm-bernberg.de\/?page_id=318"},"modified":"2021-07-25T21:51:56","modified_gmt":"2021-07-25T19:51:56","slug":"leitbild-des-cvjm-bernberg-e-v","status":"publish","type":"page","link":"https:\/\/www.cvjm-bernberg.de\/?page_id=318","title":{"rendered":"Leitbild des CVJM Bernberg e.V."},"content":{"rendered":"\n<p style=\"font-size:26px\"><strong>Gaben entdecken     Glauben entfalten     Leben teilen<\/strong><\/p>\n\n\n\n<p style=\"font-size:26px\"><strong>Gaben entdecken<\/strong><\/p>\n\n\n\n<p>Wir sind im CVJM Bernberg e.V. der \u00dcberzeugung, dass Gott jeden Menschen mit besonderen Begabungen und Talenten reich beschenkt hat. Diese Gaben sind vielf\u00e4ltig, ja manchmal unscheinbar oder noch im Verborgenen schlummernd. In unseren Angeboten und Gruppen wollen wir junge Menschen dazu ermutigen, sich auszuprobieren und ihre Gaben zu entdecken. Sie sollen erkennen, dass Gott sie wunderbar gemacht hat. Wir wollen einen Raum bieten, in dem jeder das Potential, das Gott schenkt, entfalten kann. (1. Kor. 12,4-11)<\/p>\n\n\n\n<p style=\"font-size:26px\"><strong>Glauben entfalten<\/strong><\/p>\n\n\n\n<p>Wir im CVJM Bernberg e.V. glauben, dass Jesus Christus gestorben und auferstanden ist, damit wir das ewige Leben haben. Darum ist Jesus der Antrieb und das Zentrum unserer Arbeit. In unseren Angeboten und Gruppen wollen wir diese Gute Nachricht auf vielf\u00e4ltige und kreative Art weitergeben. Wir hoffen, dass der Heilige Geist durch uns wirkt und die Teilnehmer unserer Angebote erkennen, dass Jesus ihr Leben nachhaltig pr\u00e4gen will und sichGlauben neu entfaltet. (Joh. 3, 16-17)<\/p>\n\n\n\n<p style=\"font-size:26px\"><strong>Leben teilen<\/strong><\/p>\n\n\n\n<p>Wir im CVJM Bernberg e.V. wollen icht nebeneinander her oder aneinander vorbei leben, sondern Anteil haben an Begabungen, am Glauben und somit am Leben der Teilnehmer unserer Angebote und unserer Mitarbeiter und Freunde. Als Verein m\u00f6chten wir eine Lebensgemeinschaft sein, die von gegenseitigem Interesse an den pers\u00f6nlichen Erlebnissen und Fragen des Einzelnen gepr\u00e4gt ist. Unser Anliegen ist es, uns gegenseitig zu begleiten und zu ermutigen. Dieses soll unter Gleichaltrigen und quer durch die Generationen geschehen. (Apg. 2,46.47)<\/p>\n","protected":false},"excerpt":{"rendered":"<p>Gaben entdecken Glauben entfalten Leben teilen Gaben entdecken Wir sind im CVJM Bernberg e.V. der \u00dcberzeugung, dass Gott jeden Menschen mit besonderen Begabungen und Talenten reich beschenkt hat. Diese Gaben sind vielf\u00e4ltig, ja manchmal unscheinbar oder noch im Verborgenen schlummernd. In unseren Angeboten und Gruppen wollen wir junge Menschen dazu ermutigen, sich auszuprobieren und ihre &hellip; <\/p>\n<p class=\"link-more\"><a href=\"https:\/\/www.cvjm-bernberg.de\/?page_id=318\" class=\"more-link\"><span class=\"screen-reader-text\">\u201eLeitbild des CVJM Bernberg e.V.\u201c <\/span>weiterlesen<\/a><\/p>\n","protected":false},"author":4,"featured_media":0,"parent":0,"menu_order":0,"comment_status":"closed","ping_status":"closed","template":"","meta":{"footnotes":""},"class_list":["post-318","page","type-page","status-publish","hentry"],"_links":{"self":[{"href":"https:\/\/www.cvjm-bernberg.de\/index.php?rest_route=\/wp\/v2\/pages\/318","targetHints":{"allow":["GET"]}}],"collection":[{"href":"https:\/\/www.cvjm-bernberg.de\/index.php?rest_route=\/wp\/v2\/pages"}],"about":[{"href":"https:\/\/www.cvjm-bernberg.de\/index.php?rest_route=\/wp\/v2\/types\/page"}],"author":[{"embeddable":true,"href":"https:\/\/www.cvjm-bernberg.de\/index.php?rest_route=\/wp\/v2\/users\/4"}],"replies":[{"embeddable":true,"href":"https:\/\/www.cvjm-bernberg.de\/index.php?rest_route=%2Fwp%2Fv2%2Fcomments&post=318"}],"version-history":[{"count":2,"href":"https:\/\/www.cvjm-bernberg.de\/index.php?rest_route=\/wp\/v2\/pages\/318\/revisions"}],"predecessor-version":[{"id":320,"href":"https:\/\/www.cvjm-bernberg.de\/index.php?rest_route=\/wp\/v2\/pages\/318\/revisions\/320"}],"wp:attachment":[{"href":"https:\/\/www.cvjm-bernberg.de\/index.php?rest_route=%2Fwp%2Fv2%2Fmedia&parent=318"}],"curies":[{"name":"wp","href":"https:\/\/api.w.org\/{rel}","templated":true}]}}