{"id":163,"date":"2020-07-24T19:44:39","date_gmt":"2020-07-24T19:44:39","guid":{"rendered":"http:\/\/www.cvjm-bernberg.de\/?page_id=163"},"modified":"2026-02-23T12:39:55","modified_gmt":"2026-02-23T10:39:55","slug":"links","status":"publish","type":"page","link":"https:\/\/www.cvjm-bernberg.de\/?page_id=163","title":{"rendered":"Links"},"content":{"rendered":"\n<p>Hier finden Sie Links zu interessanten Websites, aber auch zu n\u00fctzlichen Seiten.<\/p>\n\n\n\n<p>(Wir \u00fcbernehmen keine Verantwortung f\u00fcr die Inhalte der verlinkten Seiten!)<\/p>\n\n\n\n<h3 class=\"wp-block-heading\"><strong>Links zu CVJM\u00b4s:<\/strong><\/h3>\n\n\n\n<ul class=\"wp-block-list\">\n<li><a href=\"https:\/\/www.cvjm-westbund.de\" data-type=\"URL\" data-id=\"https:\/\/www.cvjm-westbund.de\"><strong>CVJM Westbund<\/strong><\/a><\/li>\n\n\n\n<li><a href=\"https:\/\/www.cvjm-oberberg.de\" data-type=\"URL\" data-id=\"https:\/\/www.cvjm-oberberg.de\"><strong>CVJM Kreisverband Oberberg<\/strong><\/a><\/li>\n\n\n\n<li><a href=\"https:\/\/www.cvjm.de\" data-type=\"URL\" data-id=\"https:\/\/www.cvjm.de\"><strong>CVJM Gesamtverband<\/strong><\/a><\/li>\n<\/ul>\n\n\n\n<p><strong>Gemeinden<\/strong><\/p>\n\n\n\n<p><a href=\"https:\/\/www.feggm.de\" data-type=\"URL\" data-id=\"https:\/\/www.feggm.de\"><strong>Frei evangelische Gemeinde Gummersbach<\/strong><\/a><\/p>\n\n\n\n<p><strong>Der Link zur Ev. Kirchengemeinde Gummersbach funktioniert leider im Moment nicht!<\/strong><\/p>\n\n\n\n<p><strong>andere christliche Vereine<\/strong><\/p>\n\n\n\n<ul class=\"wp-block-list\">\n<li><a href=\"https:\/\/www.christen-hallen-masters.de\"><strong>Christen-Hallen-Master(s)<\/strong><\/a><\/li>\n<\/ul>\n\n\n\n<p><strong>Soziale Medien<\/strong> nutzen<\/p>\n\n\n\n<ul class=\"wp-block-list\">\n<li><a href=\"https:\/\/www.instagram.com\/cvjmbernberg\/\" data-type=\"URL\" data-id=\"https:\/\/www.instagram.com\/cvjmbernberg\/\">CVJM Bernberg-Instagram<\/a> <\/li>\n<\/ul>\n\n\n\n<p><a href=\"https:\/\/www.instagram.com\/christenhallenmasters\" data-type=\"URL\" data-id=\"https:\/\/www.instagram.com\/christenhallenmasters\">Christen-Hallen-Masters -Instagram<\/a><\/p>\n\n\n\n<p><a href=\"https:\/\/www.facebook.com\/cvjmbernberg\" data-type=\"URL\" data-id=\"https:\/\/www.facebook.com\/cvjmbernberg\">CVJM Bernberg &#8211; Facebook<\/a><\/p>\n\n\n\n<p><a href=\"https:\/\/www.facebook.com\/christenhallenmasters\" data-type=\"URL\" data-id=\"https:\/\/www.facebook.com\/christenhallenmasters\">Christen-Hallen-Masters -Facebook<\/a><\/p>\n","protected":false},"excerpt":{"rendered":"<p>Hier finden Sie Links zu interessanten Websites, aber auch zu n\u00fctzlichen Seiten. (Wir \u00fcbernehmen keine Verantwortung f\u00fcr die Inhalte der verlinkten Seiten!) Links zu CVJM\u00b4s: Gemeinden Frei evangelische Gemeinde Gummersbach Der Link zur Ev. Kirchengemeinde Gummersbach funktioniert leider im Moment nicht! andere christliche Vereine Soziale Medien nutzen Christen-Hallen-Masters -Instagram CVJM Bernberg &#8211; Facebook Christen-Hallen-Masters -Facebook<\/p>\n","protected":false},"author":4,"featured_media":0,"parent":0,"menu_order":0,"comment_status":"closed","ping_status":"closed","template":"","meta":{"footnotes":""},"class_list":["post-163","page","type-page","status-publish","hentry"],"_links":{"self":[{"href":"https:\/\/www.cvjm-bernberg.de\/index.php?rest_route=\/wp\/v2\/pages\/163","targetHints":{"allow":["GET"]}}],"collection":[{"href":"https:\/\/www.cvjm-bernberg.de\/index.php?rest_route=\/wp\/v2\/pages"}],"about":[{"href":"https:\/\/www.cvjm-bernberg.de\/index.php?rest_route=\/wp\/v2\/types\/page"}],"author":[{"embeddable":true,"href":"https:\/\/www.cvjm-bernberg.de\/index.php?rest_route=\/wp\/v2\/users\/4"}],"replies":[{"embeddable":true,"href":"https:\/\/www.cvjm-bernberg.de\/index.php?rest_route=%2Fwp%2Fv2%2Fcomments&post=163"}],"version-history":[{"count":15,"href":"https:\/\/www.cvjm-bernberg.de\/index.php?rest_route=\/wp\/v2\/pages\/163\/revisions"}],"predecessor-version":[{"id":644,"href":"https:\/\/www.cvjm-bernberg.de\/index.php?rest_route=\/wp\/v2\/pages\/163\/revisions\/644"}],"wp:attachment":[{"href":"https:\/\/www.cvjm-bernberg.de\/index.php?rest_route=%2Fwp%2Fv2%2Fmedia&parent=163"}],"curies":[{"name":"wp","href":"https:\/\/api.w.org\/{rel}","templated":true}]}}