{"id":109,"date":"2020-07-16T09:30:53","date_gmt":"2020-07-16T09:30:53","guid":{"rendered":"http:\/\/www.cvjm-bernberg.de\/?page_id=109"},"modified":"2020-10-10T21:28:10","modified_gmt":"2020-10-10T19:28:10","slug":"gruppen","status":"publish","type":"page","link":"https:\/\/www.cvjm-bernberg.de\/?page_id=109","title":{"rendered":"Gruppen"},"content":{"rendered":"\n<p>Hier entstehen Unterseiten f\u00fcr unsere Aktionen:<\/p>\n\n\n\n<p><a href=\"https:\/\/www.gulug.de\/\" data-type=\"URL\" data-id=\"https:\/\/www.gulug.de\/\">CVJMgoesLinux &#8211; GuLUG -Gummersbacher Linux Usergroup <\/a><\/p>\n\n\n\n<p>SaS-Sport    (Sportangebot f\u00fcr Jugendliche und junge Erwachsenen ab 13Jahren)<\/p>\n\n\n\n<p>SaS -KidsCorner      (Sportangebot f\u00fcr Kids von 6-12 Jahren)<\/p>\n\n\n\n<p><a href=\"https:\/\/www.christen-hallen-masters.de\" data-type=\"URL\" data-id=\"https:\/\/www.christen-hallen-masters.de\">Christen-Hallen-Masters    (Sportevent im Hallenfu\u00dfball &#8211; Europaweit bekannt<\/a>)<\/p>\n\n\n\n<p><\/p>\n","protected":false},"excerpt":{"rendered":"<p>Hier entstehen Unterseiten f\u00fcr unsere Aktionen: CVJMgoesLinux &#8211; GuLUG -Gummersbacher Linux Usergroup SaS-Sport (Sportangebot f\u00fcr Jugendliche und junge Erwachsenen ab 13Jahren) SaS -KidsCorner (Sportangebot f\u00fcr Kids von 6-12 Jahren) Christen-Hallen-Masters (Sportevent im Hallenfu\u00dfball &#8211; Europaweit bekannt)<\/p>\n","protected":false},"author":4,"featured_media":0,"parent":0,"menu_order":0,"comment_status":"closed","ping_status":"closed","template":"","meta":{"footnotes":""},"class_list":["post-109","page","type-page","status-publish","hentry"],"_links":{"self":[{"href":"https:\/\/www.cvjm-bernberg.de\/index.php?rest_route=\/wp\/v2\/pages\/109","targetHints":{"allow":["GET"]}}],"collection":[{"href":"https:\/\/www.cvjm-bernberg.de\/index.php?rest_route=\/wp\/v2\/pages"}],"about":[{"href":"https:\/\/www.cvjm-bernberg.de\/index.php?rest_route=\/wp\/v2\/types\/page"}],"author":[{"embeddable":true,"href":"https:\/\/www.cvjm-bernberg.de\/index.php?rest_route=\/wp\/v2\/users\/4"}],"replies":[{"embeddable":true,"href":"https:\/\/www.cvjm-bernberg.de\/index.php?rest_route=%2Fwp%2Fv2%2Fcomments&post=109"}],"version-history":[{"count":3,"href":"https:\/\/www.cvjm-bernberg.de\/index.php?rest_route=\/wp\/v2\/pages\/109\/revisions"}],"predecessor-version":[{"id":235,"href":"https:\/\/www.cvjm-bernberg.de\/index.php?rest_route=\/wp\/v2\/pages\/109\/revisions\/235"}],"wp:attachment":[{"href":"https:\/\/www.cvjm-bernberg.de\/index.php?rest_route=%2Fwp%2Fv2%2Fmedia&parent=109"}],"curies":[{"name":"wp","href":"https:\/\/api.w.org\/{rel}","templated":true}]}}